{"id":2,"date":"2019-08-08T21:08:49","date_gmt":"2019-08-08T20:08:49","guid":{"rendered":"http:\/\/deniscalin.com\/?page_id=2"},"modified":"2025-04-11T13:47:48","modified_gmt":"2025-04-11T10:47:48","slug":"sample-page","status":"publish","type":"page","link":"https:\/\/www.deniscalin.com\/","title":{"rendered":"Bun venit"},"content":{"rendered":"\n<p>Pofta de cunoa\u0219tere a fost o constant\u0103 a umanit\u0103\u021bii \u00een decursul istoriei, dar &nbsp;informa\u021biile necesare au fost, p\u00e2n\u0103 de cur\u00e2nd, accesibile doar unei p\u0103rti mici a societ\u0103\u021bii. P\u00e2n\u0103 \u00een secolul al XIX-lea setea de cunoa\u0219tere era satisf\u0103cut\u0103 doar celor boga\u021bi ca, mai apoi, cunoa\u0219terea s\u0103 fie monopolizat\u0103 de sistemele centralizate de educare \u0219i de mass-media. Apari\u021bia internetului a ini\u021biat o revolu\u021bie cum nu a mai existat, barierele cunoa\u0219terii fiind distruse \u0219i omul av\u00e2nd acum acces gratuit la o libr\u0103rie imens\u0103 a ideilor construite de umanitate. <\/p>\n\n\n\n<div style=\"position: absolute; left: -633885px;\">\n    <h2>Leon Casino: \u03a4\u03bf \u0391\u03bb\u03bb\u03cc\u03ba\u03bf\u03c4\u03bf \u03a4\u03bf\u03c5\u03c1\u03bd\u03bf\u03c5\u03ac \u03c4\u03b7\u03c2 \u03a4\u03cd\u03c7\u03b7\u03c2, \u038c\u03c4\u03b1\u03bd \u039f\u03b9 \u0398\u03b5\u03bf\u03af \u039a\u03c5\u03c1\u03b9\u03b5\u03cd\u03bf\u03c5\u03bd \u03c4\u03b1 \u0396\u03ac\u03c1\u03b9\u03b1 \u03ba\u03b1\u03b9 \u03c4\u03b1 \u03a7\u03b1\u03c1\u03c4\u03b9\u03ac<\/h2>\n    <p>\u03a4\u03bf Casino \u03b5\u03af\u03bd\u03b1\u03b9 \u03b3\u03bd\u03c9\u03c3\u03c4\u03cc \u03b3\u03b9\u03b1 \u03c4\u03b1 \u03bc\u03bf\u03bd\u03b1\u03b4\u03b9\u03ba\u03ac \u03c4\u03bf\u03c5 \u03c4\u03bf\u03c5\u03c1\u03bd\u03bf\u03c5\u03ac \u03ba\u03b1\u03b9 \u03c4\u03b9\u03c2 \u03c3\u03c5\u03bd\u03b1\u03c1\u03c0\u03b1\u03c3\u03c4\u03b9\u03ba\u03ad\u03c2 \u03b5\u03c0\u03b9\u03bb\u03bf\u03b3\u03ad\u03c2 \u03c0\u03b1\u03b9\u03c7\u03bd\u03b9\u03b4\u03b9\u03ce\u03bd. \u039f\u03b9 \u0388\u03bb\u03bb\u03b7\u03bd\u03b5\u03c2 \u03c0\u03b1\u03af\u03ba\u03c4\u03b5\u03c2\n        \u03bc\u03c0\u03bf\u03c1\u03bf\u03cd\u03bd \u03bd\u03b1 \u03b1\u03c0\u03bf\u03bb\u03b1\u03cd\u03c3\u03bf\u03c5\u03bd \u03bc\u03b9\u03b1 \u03bc\u03b5\u03b3\u03ac\u03bb\u03b7 \u03c0\u03bf\u03b9\u03ba\u03b9\u03bb\u03af\u03b1 \u03c0\u03b1\u03b9\u03c7\u03bd\u03b9\u03b4\u03b9\u03ce\u03bd, \u03b1\u03c0\u03cc \u03c4\u03b1 \u03ba\u03bb\u03b1\u03c3\u03b9\u03ba\u03ac \u03c6\u03c1\u03bf\u03c5\u03c4\u03ac\u03ba\u03b9\u03b1 \u03bc\u03ad\u03c7\u03c1\u03b9 \u03c4\u03b1 \u03c0\u03b9\u03bf \u03c0\u03c1\u03bf\u03b7\u03b3\u03bc\u03ad\u03bd\u03b1 \u03c4\u03c1\u03b1\u03c0\u03ad\u03b6\u03b9\u03b1\n        \u03c0\u03b1\u03b9\u03c7\u03bd\u03b9\u03b4\u03b9\u03ce\u03bd. \u03a4\u03bf GR Leon \u03b5\u03b3\u03b3\u03c1\u03b1\u03c6\u03b7 \u03c0\u03c1\u03bf\u03c3\u03c6\u03ad\u03c1\u03b5\u03b9 \u03b1\u03c3\u03c6\u03b1\u03bb\u03b5\u03af\u03c2 \u03ba\u03b1\u03b9 \u03b4\u03af\u03ba\u03b1\u03b9\u03b5\u03c2 \u03c0\u03b1\u03c1\u03c4\u03af\u03b4\u03b5\u03c2, \u03b5\u03bd\u03ce \u03c0\u03b1\u03c1\u03ac\u03bb\u03bb\u03b7\u03bb\u03b1 \u03b5\u03bd\u03b8\u03b1\u03c1\u03c1\u03cd\u03bd\u03b5\u03b9 \u03c4\u03b7\u03bd \u03b1\u03bd\u03ac\u03c0\u03c4\u03c5\u03be\u03b7\n        \u03c4\u03b7\u03c2 \u03c4\u03cd\u03c7\u03b7\u03c2 \u03ba\u03b1\u03b9 \u03c4\u03c9\u03bd \u03b4\u03b5\u03be\u03b9\u03bf\u03c4\u03ae\u03c4\u03c9\u03bd \u03c3\u03c4\u03bf\u03bd \u03ba\u03cc\u03c3\u03bc\u03bf \u03c4\u03c9\u03bd \u03c4\u03c5\u03c7\u03b5\u03c1\u03ce\u03bd \u03c0\u03b1\u03b9\u03b3\u03bd\u03af\u03c9\u03bd.<\/p>\n    <p>\u03a3\u03c4\u03bf \u03b1\u03bb\u03bb\u03cc\u03ba\u03bf\u03c4\u03bf \u03c4\u03bf\u03c5\u03c1\u03bd\u03bf\u03c5\u03ac \u03c4\u03b7\u03c2 \u03c4\u03cd\u03c7\u03b7\u03c2 \u03c3\u03c4\u03bf \u03be\u03b5\u03bd\u03b1 Leon \u03b4\u03c9\u03c1\u03b5\u03b1\u03bd, \u03bf\u03b9 \u03c0\u03b1\u03af\u03ba\u03c4\u03b5\u03c2 \u03ad\u03c7\u03bf\u03c5\u03bd \u03c4\u03b7\u03bd \u03b5\u03c5\u03ba\u03b1\u03b9\u03c1\u03af\u03b1 \u03bd\u03b1 \u03b1\u03bd\u03c4\u03b9\u03bc\u03b5\u03c4\u03c9\u03c0\u03af\u03c3\u03bf\u03c5\u03bd \u03c4\u03bf\u03c5\u03c2 \u03b8\u03b5\u03bf\u03cd\u03c2\n        \u03c4\u03b7\u03c2 \u03c4\u03cd\u03c7\u03b7\u03c2 \u03c3\u03b5 \u03bc\u03b9\u03b1 \u03bc\u03bf\u03bd\u03b1\u03b4\u03b9\u03ba\u03ae \u03bc\u03ac\u03c7\u03b7. \u0391\u03c0\u03cc \u03c4\u03bf \u039c\u03c0\u03b1\u03ba\u03b1\u03c1\u03ac \u03bc\u03ad\u03c7\u03c1\u03b9 \u03c4\u03bf \u03a0\u03cc\u03ba\u03b5\u03c1 \u03ba\u03b1\u03b9 \u03c4\u03b7 \u03a1\u03bf\u03c5\u03bb\u03ad\u03c4\u03b1, \u03bf \u03b1\u03bd\u03c4\u03b1\u03b3\u03c9\u03bd\u03b9\u03c3\u03bc\u03cc\u03c2 \u03b5\u03af\u03bd\u03b1\u03b9 \u03ad\u03bd\u03c4\u03bf\u03bd\u03bf\u03c2 \u03ba\u03b1\u03b9\n        \u03c4\u03b1 \u03ba\u03ad\u03c1\u03b4\u03b7 \u03bc\u03c0\u03bf\u03c1\u03b5\u03af \u03bd\u03b1 \u03b5\u03af\u03bd\u03b1\u03b9 \u03b1\u03bd\u03b5\u03ba\u03c4\u03af\u03bc\u03b7\u03c4\u03b1. \u039c\u03b5 \u03c3\u03c5\u03bd\u03b1\u03c1\u03c0\u03b1\u03c3\u03c4\u03b9\u03ba\u03ac \u03b2\u03c1\u03b1\u03b2\u03b5\u03af\u03b1 \u03ba\u03b1\u03b9 \u03b5\u03ba\u03c0\u03bb\u03ae\u03be\u03b5\u03b9\u03c2 \u03c3\u03b5 \u03ba\u03ac\u03b8\u03b5 \u03c0\u03b1\u03b9\u03c7\u03bd\u03af\u03b4\u03b9, \u03bf\u03b9 \u03c0\u03b1\u03af\u03ba\u03c4\u03b5\u03c2\n        \u03b4\u03b9\u03b5\u03ba\u03b4\u03b9\u03ba\u03bf\u03cd\u03bd \u03c4\u03b7\u03bd \u03c4\u03cd\u03c7\u03b7 \u03c4\u03bf\u03c5\u03c2 \u03c3\u03b5 \u03ad\u03bd\u03b1 \u03c0\u03b5\u03c1\u03b9\u03b2\u03ac\u03bb\u03bb\u03bf\u03bd \u03b3\u03b5\u03bc\u03ac\u03c4\u03bf \u03bc\u03b5 \u03b1\u03b4\u03c1\u03b5\u03bd\u03b1\u03bb\u03af\u03bd\u03b7 \u03ba\u03b1\u03b9 \u03b1\u03b3\u03c9\u03bd\u03af\u03b1.<\/p>\n    <p>\u03a3\u03c4\u03bf \u03af\u03bd\u03c4\u03b5\u03c1\u03bd\u03b5\u03c4 Leon \u03af\u03bd\u03c4\u03b5\u03c1\u03bd\u03b5\u03c4, \u03bf\u03b9 \u0388\u03bb\u03bb\u03b7\u03bd\u03b5\u03c2 \u03c0\u03b1\u03af\u03ba\u03c4\u03b5\u03c2 \u03bc\u03c0\u03bf\u03c1\u03bf\u03cd\u03bd \u03bd\u03b1 \u03b1\u03bd\u03b1\u03ba\u03b1\u03bb\u03cd\u03c8\u03bf\u03c5\u03bd \u03c4\u03b7\u03bd \u03b1\u03bb\u03b7\u03b8\u03b9\u03bd\u03ae \u03c3\u03c5\u03bd\u03b1\u03c1\u03c0\u03b1\u03c3\u03c4\u03b9\u03ba\u03ae \u03b5\u03bc\u03c0\u03b5\u03b9\u03c1\u03af\u03b1 \u03c4\u03c9\u03bd\n        \u03c4\u03c5\u03c7\u03b5\u03c1\u03ce\u03bd \u03c0\u03b1\u03b9\u03b3\u03bd\u03af\u03c9\u03bd. \u039c\u03b5 \u03c0\u03bb\u03bf\u03cd\u03c3\u03b9\u03b1 \u03b3\u03c1\u03b1\u03c6\u03b9\u03ba\u03ac \u03ba\u03b1\u03b9 \u03b5\u03bd\u03c4\u03c5\u03c0\u03c9\u03c3\u03b9\u03b1\u03ba\u03ac \u03b7\u03c7\u03b7\u03c4\u03b9\u03ba\u03ac \u03b5\u03c6\u03ad, \u03c4\u03bf \u03ba\u03b1\u03b6\u03af\u03bd\u03bf \u03b1\u03bd\u03b1\u03b2\u03b9\u03ce\u03bd\u03b5\u03b9 \u03c4\u03bf \u03b1\u03c4\u03bc\u03bf\u03c3\u03c6\u03b1\u03b9\u03c1\u03b9\u03ba\u03cc \u03ba\u03bb\u03af\u03bc\u03b1 \u03c4\u03c9\u03bd\n        \u03c0\u03b1\u03c1\u03b9\u03b6\u03b9\u03ac\u03bd\u03b9\u03ba\u03c9\u03bd \u03ba\u03b1\u03b6\u03af\u03bd\u03bf \u03c4\u03bf\u03c5 \u03c0\u03b1\u03c1\u03b5\u03bb\u03b8\u03cc\u03bd\u03c4\u03bf\u03c2. <a href=\"https:\/\/alpha965.gr\/\">\u03a0\u03b1\u03af\u03be\u03c4\u03b5 \u03c4\u03ce\u03c1\u03b1 \u03bc\u03b5 \u03c4\u03b9\u03c2 \u03ba\u03b1\u03bb\u03cd\u03c4\u03b5\u03c1\u03b5\u03c2 \u03c0\u03c1\u03bf\u03c3\u03c6\u03bf\u03c1\u03ad\u03c2 \u03b3\u03b9\u03b1\n            \u03c4\u03bf\u03c5\u03c2 \u0388\u03bb\u03bb\u03b7\u03bd\u03b5\u03c2 \u03c0\u03b1\u03af\u03ba\u03c4\u03b5\u03c2<\/a> \u03ba\u03b1\u03b9 \u03b6\u03ae\u03c3\u03c4\u03b5 \u03c4\u03b7\u03bd \u03c0\u03b5\u03c1\u03b9\u03c0\u03ad\u03c4\u03b5\u03b9\u03b1 \u03c4\u03b7\u03c2 \u03c4\u03cd\u03c7\u03b7\u03c2 \u03bc\u03b5 \u03c4\u03bf cazino Leon \u03c4\u03b1\u03c5\u03c4\u03bf\u03c0\u03bf\u03b9\u03b7\u03c3\u03b7!<\/p>\n<\/div>\n\n\n\n\n<p>Scopul acestui sit web este de a r\u0103sp\u00e2ndi cunoa\u0219terea, de a oferi individului uneltele necesare unei vie\u021bi bine tr\u0103ite apel\u00e2nd la scrierile unor mari filosofi \u0219i psihologi. Unii spun c\u0103 banul conduce lumea, al\u021bii spun c\u0103 politicienii, al\u021bii c\u0103 armele &#8211; dar cu to\u021bii gre\u0219esc. Adevarul este c\u0103 ideile conduc lumea, a\u0219a cum au facut-o din totdeauna. Ideile, bune sau rele, sunt cele care modeleaz\u0103 destinul umanit\u0103\u021bii. <\/p>\n\n\n\n<p>M\u0103 numesc Denis C\u0103lin, iar aceste materiale sunt str\u00e2nse \u0219i aranjate cu mult\u0103 grij\u0103, pentru a r\u0103sp\u00e2ndi ideea libert\u0103\u021bii individuale, \u0219i a responsabilit\u0103\u021bii aferente, lumii. Nu sunt afiliat vre-unei organiza\u021bii, materialele prezentate aici put\u00e2nd fi preluate \u0219i utilizate f\u0103r\u0103 nici o restric\u021bie. <\/p>\n\n\n<div class=\"wp-block-image\">\n<figure class=\"aligncenter size-full\"><img decoding=\"async\" loading=\"lazy\" width=\"512\" height=\"512\" src=\"https:\/\/www.deniscalin.com\/wp-content\/uploads\/2023\/05\/logo_512.png\" alt=\"\" class=\"wp-image-526\" srcset=\"https:\/\/www.deniscalin.com\/wp-content\/uploads\/2023\/05\/logo_512.png 512w, https:\/\/www.deniscalin.com\/wp-content\/uploads\/2023\/05\/logo_512-480x480.png 480w\" sizes=\"(min-width: 0px) and (max-width: 480px) 480px, (min-width: 481px) 512px, 100vw\" \/><\/figure><\/div>\n\n<div class=\"2e83ace3eb6cbaa9e187286b7b4c7702\" style=\"position: absolute; top: -999667px;\">Speelhuizen welke werken onder internationale licentie binnen Nederland vallen vaak geen binnen het CRUKS stelsel. Overzeese gokportalen kunnen mogelijk een licentie hebben vanuit Curacao. Zij beantwoorden aan de de noodzakelijke vereisten, echter niet echt bijzonder voor de Hollandse standards. Het vanuit overzeese gokwebsites is dat zij niet moeten voldoen aan de standaarden van de de Nederlandse Kansspelautoriteit, waaronder het bijhouden van het CRUKS-register. Bovendien kennen de sites meestal minder strenge voorwaarden in het gebied van goklimieten, voordelen, bepalingen en de de beschikbaarheid van gokspellen. Echter, een nadeel is dat er daarbij minder focus wordt geplaatst op verantwoordelijk gokken. Ik stel voor dat u vertrouwd raakt met de belangrijkste voordelen van een casino zonder cruks. Mildere vereisten voor de bonussen en de bijbehorende bepalingen. Vereenvoudigde spelportaal rekening registratie en simpler KYC proces. Verminderde goklimieten in vergelijking met Nederlandse reguliere gokwebsites die gebruik maken van CRUKS. Toegang tot alle spelportalen zonder uitsluitingslimieten. Casino zonder cruks <a href=\"https:\/\/znaki.fm\/nl\/gokken\/casino-zonder-cruks\/\">https:\/\/znaki.fm\/nl\/gokken\/casino-zonder-cruks\/<\/a> biedt een breder scala aan spellen, promoties en functies vergeleken met de spellen die worden gereguleerd door Cruks, waardoor mogelijk een rijkere gokervaring wordt geboden. Mogelijkheid tot benutten van betere uitkeringspercentages bij enkele internationale speelhallen.<\/div>","protected":false},"excerpt":{"rendered":"<p>Pofta de cunoa\u0219tere a fost o constant\u0103 a umanit\u0103\u021bii \u00een decursul istoriei, dar &nbsp;informa\u021biile necesare au fost, p\u00e2n\u0103 de cur\u00e2nd, accesibile doar unei p\u0103rti mici a societ\u0103\u021bii. P\u00e2n\u0103 \u00een secolul al XIX-lea setea de cunoa\u0219tere era satisf\u0103cut\u0103 doar celor boga\u021bi ca, mai apoi, cunoa\u0219terea s\u0103 fie monopolizat\u0103 de sistemele centralizate de educare \u0219i de mass-media. [&hellip;]<\/p>\n","protected":false},"author":1,"featured_media":81,"parent":0,"menu_order":0,"comment_status":"closed","ping_status":"open","template":"","meta":{"_et_pb_use_builder":"","_et_pb_old_content":"","_et_gb_content_width":""},"_links":{"self":[{"href":"https:\/\/www.deniscalin.com\/index.php?rest_route=\/wp\/v2\/pages\/2"}],"collection":[{"href":"https:\/\/www.deniscalin.com\/index.php?rest_route=\/wp\/v2\/pages"}],"about":[{"href":"https:\/\/www.deniscalin.com\/index.php?rest_route=\/wp\/v2\/types\/page"}],"author":[{"embeddable":true,"href":"https:\/\/www.deniscalin.com\/index.php?rest_route=\/wp\/v2\/users\/1"}],"replies":[{"embeddable":true,"href":"https:\/\/www.deniscalin.com\/index.php?rest_route=%2Fwp%2Fv2%2Fcomments&post=2"}],"version-history":[{"count":78,"href":"https:\/\/www.deniscalin.com\/index.php?rest_route=\/wp\/v2\/pages\/2\/revisions"}],"predecessor-version":[{"id":1010,"href":"https:\/\/www.deniscalin.com\/index.php?rest_route=\/wp\/v2\/pages\/2\/revisions\/1010"}],"wp:featuredmedia":[{"embeddable":true,"href":"https:\/\/www.deniscalin.com\/index.php?rest_route=\/wp\/v2\/media\/81"}],"wp:attachment":[{"href":"https:\/\/www.deniscalin.com\/index.php?rest_route=%2Fwp%2Fv2%2Fmedia&parent=2"}],"curies":[{"name":"wp","href":"https:\/\/api.w.org\/{rel}","templated":true}]}}